{"id":2685,"date":"2016-09-17T18:19:53","date_gmt":"2016-09-17T15:19:53","guid":{"rendered":"http:\/\/cevkozgrup.com\/cevkoz\/?page_id=2685"},"modified":"2024-09-10T16:24:39","modified_gmt":"2024-09-10T13:24:39","slug":"iletisim","status":"publish","type":"page","link":"https:\/\/www.cevkozgrup.com\/en\/iletisim\/","title":{"rendered":"CONTACT"},"content":{"rendered":"<p>[vc_row][vc_column width=&#8221;1\/2&#8243;][vc_column_text]Mahmut Yesari Cad.[\/vc_column_text][\/vc_column][vc_column width=&#8221;1\/2&#8243;][vc_message]I am message box. Click edit button to change this text.[\/vc_message][vc_message]<\/p>\n<p>I am message box. Click edit button to change this text.<\/p>\n<p>[\/vc_message][\/vc_column][\/vc_row]<\/p>","protected":false},"excerpt":{"rendered":"<p>[vc_row][vc_column width=&#8221;1\/2&#8243;][vc_column_text]Mahmut Yesari Cad.[\/vc_column_text][\/vc_column][vc_column width=&#8221;1\/2&#8243;][vc_message]I am message box. Click edit button to change this text.[\/vc_message][vc_message] I am message box. Click edit button to change this text. [\/vc_message][\/vc_column][\/vc_row]<\/p>\n","protected":false},"author":1,"featured_media":0,"parent":0,"menu_order":0,"comment_status":"closed","ping_status":"closed","template":"contact","meta":{"footnotes":""},"class_list":["post-2685","page","type-page","status-publish","hentry"],"yoast_head":"<!-- This site is optimized with the Yoast SEO plugin v24.2 - https:\/\/yoast.com\/wordpress\/plugins\/seo\/ -->\n<title>CONTACT -<\/title>\n<meta name=\"robots\" content=\"index, follow, max-snippet:-1, max-image-preview:large, max-video-preview:-1\" \/>\n<link rel=\"canonical\" href=\"https:\/\/www.cevkozgrup.com\/iletisim\/\" \/>\n<meta property=\"og:locale\" content=\"en_US\" \/>\n<meta property=\"og:type\" content=\"article\" \/>\n<meta property=\"og:title\" content=\"[:tr]\u0130LET\u0130\u015e\u0130M[:en]CONTACT[:] - [:tr]Cevkoz Grup[:]\" \/>\n<meta property=\"og:description\" content=\"[vc_row][vc_column width=&#8221;1\/2&#8243;][vc_column_text]Mahmut Yesari Cad.[\/vc_column_text][\/vc_column][vc_column width=&#8221;1\/2&#8243;][vc_message]I am message box. Click edit button to change this text.[\/vc_message][vc_message] I am message box. Click edit button to change this text. [\/vc_message][\/vc_column][\/vc_row]\" \/>\n<meta property=\"og:url\" content=\"https:\/\/www.cevkozgrup.com\/iletisim\/\" \/>\n<meta property=\"og:site_name\" content=\"[:tr]Cevkoz Grup[:]\" \/>\n<meta property=\"article:modified_time\" content=\"2024-09-10T13:24:39+00:00\" \/>\n<meta property=\"og:image\" content=\"https:\/\/www.cevkozgrup.com\/cevkoz\/wp-content\/uploads\/2024\/08\/CevkozLogo-1.png\" \/>\n\t<meta property=\"og:image:width\" content=\"1334\" \/>\n\t<meta property=\"og:image:height\" content=\"322\" \/>\n\t<meta property=\"og:image:type\" content=\"image\/png\" \/>\n<meta name=\"twitter:card\" content=\"summary_large_image\" \/>\n<meta name=\"twitter:label1\" content=\"Est. reading time\" \/>\n\t<meta name=\"twitter:data1\" content=\"1 minute\" \/>\n<script type=\"application\/ld+json\" class=\"yoast-schema-graph\">{\"@context\":\"https:\/\/schema.org\",\"@graph\":[{\"@type\":\"WebPage\",\"@id\":\"https:\/\/www.cevkozgrup.com\/iletisim\/\",\"url\":\"https:\/\/www.cevkozgrup.com\/iletisim\/\",\"name\":\"[:tr]\u0130LET\u0130\u015e\u0130M[:en]CONTACT[:] - [:tr]Cevkoz Grup[:]\",\"isPartOf\":{\"@id\":\"https:\/\/www.cevkozgrup.com\/#website\"},\"datePublished\":\"2016-09-17T15:19:53+00:00\",\"dateModified\":\"2024-09-10T13:24:39+00:00\",\"breadcrumb\":{\"@id\":\"https:\/\/www.cevkozgrup.com\/iletisim\/#breadcrumb\"},\"inLanguage\":\"en-US\",\"potentialAction\":[{\"@type\":\"ReadAction\",\"target\":[\"https:\/\/www.cevkozgrup.com\/iletisim\/\"]}]},{\"@type\":\"BreadcrumbList\",\"@id\":\"https:\/\/www.cevkozgrup.com\/iletisim\/#breadcrumb\",\"itemListElement\":[{\"@type\":\"ListItem\",\"position\":1,\"name\":\"Ana sayfa\",\"item\":\"https:\/\/www.cevkozgrup.com\/\"},{\"@type\":\"ListItem\",\"position\":2,\"name\":\"\u0130LET\u0130\u015e\u0130M\"}]},{\"@type\":\"WebSite\",\"@id\":\"https:\/\/www.cevkozgrup.com\/#website\",\"url\":\"https:\/\/www.cevkozgrup.com\/\",\"name\":\"(Turkish) Cevkoz Grup\",\"description\":\"(Turkish) Cevkoz Grup \u015eirketleri, 1979 y\u0131l\u0131ndan beri Kozmetik, Sa\u011fl\u0131k, Bili\u015fim ve \u0130n\u015faat sekt\u00f6rlerinde faaliyet g\u00f6stermektedir.\",\"publisher\":{\"@id\":\"https:\/\/www.cevkozgrup.com\/#organization\"},\"potentialAction\":[{\"@type\":\"SearchAction\",\"target\":{\"@type\":\"EntryPoint\",\"urlTemplate\":\"https:\/\/www.cevkozgrup.com\/?s={search_term_string}\"},\"query-input\":{\"@type\":\"PropertyValueSpecification\",\"valueRequired\":true,\"valueName\":\"search_term_string\"}}],\"inLanguage\":\"en-US\"},{\"@type\":\"Organization\",\"@id\":\"https:\/\/www.cevkozgrup.com\/#organization\",\"name\":\"Cevkoz Grup\",\"url\":\"https:\/\/www.cevkozgrup.com\/\",\"logo\":{\"@type\":\"ImageObject\",\"inLanguage\":\"en-US\",\"@id\":\"https:\/\/www.cevkozgrup.com\/#\/schema\/logo\/image\/\",\"url\":\"https:\/\/www.cevkozgrup.com\/cevkoz\/wp-content\/uploads\/2024\/08\/CevkozLogo.png\",\"contentUrl\":\"https:\/\/www.cevkozgrup.com\/cevkoz\/wp-content\/uploads\/2024\/08\/CevkozLogo.png\",\"width\":1334,\"height\":322,\"caption\":\"Cevkoz Grup\"},\"image\":{\"@id\":\"https:\/\/www.cevkozgrup.com\/#\/schema\/logo\/image\/\"}}]}<\/script>\n<!-- \/ Yoast SEO plugin. -->","yoast_head_json":{"title":"[:tr]\u0130LET\u0130\u015e\u0130M[:en]CONTACT[:] - [:tr]Cevkoz Grup[:]","robots":{"index":"index","follow":"follow","max-snippet":"max-snippet:-1","max-image-preview":"max-image-preview:large","max-video-preview":"max-video-preview:-1"},"canonical":"https:\/\/www.cevkozgrup.com\/iletisim\/","og_locale":"en_US","og_type":"article","og_title":"[:tr]\u0130LET\u0130\u015e\u0130M[:en]CONTACT[:] - [:tr]Cevkoz Grup[:]","og_description":"[vc_row][vc_column width=&#8221;1\/2&#8243;][vc_column_text]Mahmut Yesari Cad.[\/vc_column_text][\/vc_column][vc_column width=&#8221;1\/2&#8243;][vc_message]I am message box. Click edit button to change this text.[\/vc_message][vc_message] I am message box. Click edit button to change this text. [\/vc_message][\/vc_column][\/vc_row]","og_url":"https:\/\/www.cevkozgrup.com\/iletisim\/","og_site_name":"[:tr]Cevkoz Grup[:]","article_modified_time":"2024-09-10T13:24:39+00:00","og_image":[{"width":1334,"height":322,"url":"https:\/\/www.cevkozgrup.com\/cevkoz\/wp-content\/uploads\/2024\/08\/CevkozLogo-1.png","type":"image\/png"}],"twitter_card":"summary_large_image","twitter_misc":{"Est. reading time":"1 minute"},"schema":{"@context":"https:\/\/schema.org","@graph":[{"@type":"WebPage","@id":"https:\/\/www.cevkozgrup.com\/iletisim\/","url":"https:\/\/www.cevkozgrup.com\/iletisim\/","name":"[:tr]\u0130LET\u0130\u015e\u0130M[:en]CONTACT[:] - [:tr]Cevkoz Grup[:]","isPartOf":{"@id":"https:\/\/www.cevkozgrup.com\/#website"},"datePublished":"2016-09-17T15:19:53+00:00","dateModified":"2024-09-10T13:24:39+00:00","breadcrumb":{"@id":"https:\/\/www.cevkozgrup.com\/iletisim\/#breadcrumb"},"inLanguage":"en-US","potentialAction":[{"@type":"ReadAction","target":["https:\/\/www.cevkozgrup.com\/iletisim\/"]}]},{"@type":"BreadcrumbList","@id":"https:\/\/www.cevkozgrup.com\/iletisim\/#breadcrumb","itemListElement":[{"@type":"ListItem","position":1,"name":"Ana sayfa","item":"https:\/\/www.cevkozgrup.com\/"},{"@type":"ListItem","position":2,"name":"\u0130LET\u0130\u015e\u0130M"}]},{"@type":"WebSite","@id":"https:\/\/www.cevkozgrup.com\/#website","url":"https:\/\/www.cevkozgrup.com\/","name":"(Turkish) Cevkoz Grup","description":"(Turkish) Cevkoz Grup \u015eirketleri, 1979 y\u0131l\u0131ndan beri Kozmetik, Sa\u011fl\u0131k, Bili\u015fim ve \u0130n\u015faat sekt\u00f6rlerinde faaliyet g\u00f6stermektedir.","publisher":{"@id":"https:\/\/www.cevkozgrup.com\/#organization"},"potentialAction":[{"@type":"SearchAction","target":{"@type":"EntryPoint","urlTemplate":"https:\/\/www.cevkozgrup.com\/?s={search_term_string}"},"query-input":{"@type":"PropertyValueSpecification","valueRequired":true,"valueName":"search_term_string"}}],"inLanguage":"en-US"},{"@type":"Organization","@id":"https:\/\/www.cevkozgrup.com\/#organization","name":"Cevkoz Grup","url":"https:\/\/www.cevkozgrup.com\/","logo":{"@type":"ImageObject","inLanguage":"en-US","@id":"https:\/\/www.cevkozgrup.com\/#\/schema\/logo\/image\/","url":"https:\/\/www.cevkozgrup.com\/cevkoz\/wp-content\/uploads\/2024\/08\/CevkozLogo.png","contentUrl":"https:\/\/www.cevkozgrup.com\/cevkoz\/wp-content\/uploads\/2024\/08\/CevkozLogo.png","width":1334,"height":322,"caption":"Cevkoz Grup"},"image":{"@id":"https:\/\/www.cevkozgrup.com\/#\/schema\/logo\/image\/"}}]}},"_links":{"self":[{"href":"https:\/\/www.cevkozgrup.com\/en\/wp-json\/wp\/v2\/pages\/2685","targetHints":{"allow":["GET"]}}],"collection":[{"href":"https:\/\/www.cevkozgrup.com\/en\/wp-json\/wp\/v2\/pages"}],"about":[{"href":"https:\/\/www.cevkozgrup.com\/en\/wp-json\/wp\/v2\/types\/page"}],"author":[{"embeddable":true,"href":"https:\/\/www.cevkozgrup.com\/en\/wp-json\/wp\/v2\/users\/1"}],"replies":[{"embeddable":true,"href":"https:\/\/www.cevkozgrup.com\/en\/wp-json\/wp\/v2\/comments?post=2685"}],"version-history":[{"count":19,"href":"https:\/\/www.cevkozgrup.com\/en\/wp-json\/wp\/v2\/pages\/2685\/revisions"}],"predecessor-version":[{"id":3487,"href":"https:\/\/www.cevkozgrup.com\/en\/wp-json\/wp\/v2\/pages\/2685\/revisions\/3487"}],"wp:attachment":[{"href":"https:\/\/www.cevkozgrup.com\/en\/wp-json\/wp\/v2\/media?parent=2685"}],"curies":[{"name":"wp","href":"https:\/\/api.w.org\/{rel}","templated":true}]}}