{"id":2803,"date":"2018-09-11T15:09:23","date_gmt":"2018-09-11T12:09:23","guid":{"rendered":"http:\/\/cevkozgrup.com\/cevkoz\/?page_id=2803"},"modified":"2024-08-28T21:23:37","modified_gmt":"2024-08-28T18:23:37","slug":"hakkimizda","status":"publish","type":"page","link":"https:\/\/www.cevkozgrup.com\/en\/hakkimizda\/","title":{"rendered":"ABOUT US"},"content":{"rendered":"<p>[vc_row][vc_column][vc_accordion][vc_accordion_tab title=&#8221;Hakk\u0131m\u0131zda&#8221; tab_id=&#8221;1724250615-1-69&#8243;][vc_column_text]Cevkoz \u015eirketlerinin temeli 1979 y\u0131l\u0131nda at\u0131lm\u0131\u015ft\u0131r. Kozmetik, Sa\u011fl\u0131k, Bili\u015fim ve \u0130n\u015faat Sekt\u00f6r\u00fcnde yat\u0131r\u0131mlar\u0131 bulunmaktad\u0131r.<\/p>\n<p>Cevher Eczanesi Ahmet Cevhero\u011flu taraf\u0131ndan 1979 y\u0131l\u0131nda kurulmu\u015ftur. T\u00fcrkiye\u2019deki 26.000 eczane i\u00e7erisinde, ciro baz\u0131nda T\u00fcrkiye\u2019nin en b\u00fcy\u00fck 100 eczanesinden birisidir. 200 m2 alana kurulu eczanemiz, 15 ki\u015filik ekibiyle, g\u00fcnde 500 hastaya hizmet vermektedir.<\/p>\n<p><strong>Cevher Kozmetik A.\u015e.,<\/strong>\u00a02010 y\u0131l\u0131nda kurulmu\u015ftur. Kozmetik sekt\u00f6r\u00fcnde sat\u0131\u015f ve pazarlama alanlar\u0131nda hizmet vermektedir. Geni\u015f \u00fcr\u00fcn gam\u0131 ve rekabet\u00e7i fiyatlar\u0131yla T\u00fcrkiye\u2019nin en b\u00fcy\u00fck kozmetik tedarik\u00e7ilerinden birisidir. Performans ve hatas\u0131zl\u0131k \u00fczerine kurulu g\u00fc\u00e7l\u00fc teknolojik altyap\u0131s\u0131yla, d\u00fcnya standartlar\u0131nda bir depolama ve tedarik zinciri y\u00f6netimi sunmaktad\u0131r.<\/p>\n<p><strong>Kozmela.com<\/strong> 2013 y\u0131l\u0131nda T\u00fcrkiye\u2019nin En B\u00fcy\u00fck Kozmetik Eticaret sitesi olma vizyonuyla kurulmu\u015ftur. Kozmetik dikeyinde T\u00fcrkiye\u2019nin en geni\u015f \u00fcr\u00fcn gam\u0131n\u0131 sunan E-ticaret sitesi olarak, sekt\u00f6re bir \u00e7ok yenilik getirmi\u015ftir. \u00c7aml\u0131ca Operasyon Merkezinde 500 marka, 12.000 farkl\u0131 \u00fcr\u00fcn ve ortalama 200.000 adet stok\u00a0 ayn\u0131 g\u00fcn kargolama prensibiyle sat\u0131\u015fa sunulmaktad\u0131r. Kozmela.com %100 yerli ve kendi \u00f6z sermayesiyle\u00a0 faaliyetlerine devam etmektedir.[\/vc_column_text][\/vc_accordion_tab][vc_accordion_tab title=&#8221;Tarih\u00e7e&#8221; tab_id=&#8221;1724250615-2-46&#8243;][vc_column_text]CEVKOZ Grup A\u015e, 1950\u2019dan beri T\u00fcrkiye\u2019nin \u00e7e\u015fitli illerinde ve bir\u00e7ok sekt\u00f6rde ticaret yapm\u0131\u015f ve \u00fclkesine de\u011fer katm\u0131\u015f aile b\u00fcy\u00fcklerimizin birikimlerinin sonucunda ortaya \u00e7\u0131km\u0131\u015ft\u0131r.[\/vc_column_text][vc_column_text]<\/p>\n<ul>\n<li>1950 \u2013 Salih Sayar Yozgat\u2019ta ticarete ba\u015flad\u0131,<\/li>\n<li>1959 y\u0131l\u0131nda Ford Bayii,<\/li>\n<li>1973 Tofa\u015f Bayiilikleri yapt\u0131. Ko\u00e7 Grubunun Anadolu\u2019daki en b\u00fcy\u00fck i\u015f ortaklar\u0131ndan birisiydi.<\/li>\n<li>1979 \u2013 Cevher Eczanesi Yozgat\u2019ta kuruldu.<\/li>\n<li>1984 \u2013 Cevher Eczanesi 1984 y\u0131l\u0131nda \u0130stanbul\u2019a ta\u015f\u0131nd\u0131.<\/li>\n<li>1986 \u2013 Ecza Deposu Kuruldu.<\/li>\n<li>2010 \u2013 Cevher Sa\u011fl\u0131k Kuruldu.<\/li>\n<li>2013 \u2013 Kozmela.com A\u00e7\u0131l\u0131\u015f\u0131.<\/li>\n<li>2014 \u2013 Sigma Distrib\u00fct\u00f6rl\u00fc\u011f\u00fc<\/li>\n<li>2014 \u2013 Lytess Distrib\u00fct\u00f6rl\u00fc\u011f\u00fc<\/li>\n<li>2015 \u2013 Cevher Grup \u0130n\u015faat Projesi Ba\u015flad\u0131.<\/li>\n<li>2020 \u2013 Weleda Distrib\u00fct\u00f6rl\u00fc\u011f\u00fc.<\/li>\n<li>2023 \u2013 Eau Thermale Jonzac Distrib\u00fct\u00f6rl\u00fc\u011f\u00fc.<\/li>\n<\/ul>\n<p>[\/vc_column_text][\/vc_accordion_tab][\/vc_accordion][\/vc_column][\/vc_row]<\/p>\n","protected":false},"excerpt":{"rendered":"<p>[vc_row][vc_column][vc_accordion][vc_accordion_tab title=&#8221;Hakk\u0131m\u0131zda&#8221; tab_id=&#8221;1724250615-1-69&#8243;][vc_column_text]Cevkoz \u015eirketlerinin temeli 1979 y\u0131l\u0131nda at\u0131lm\u0131\u015ft\u0131r. Kozmetik, Sa\u011fl\u0131k, Bili\u015fim ve \u0130n\u015faat Sekt\u00f6r\u00fcnde yat\u0131r\u0131mlar\u0131 bulunmaktad\u0131r. Cevher Eczanesi Ahmet Cevhero\u011flu taraf\u0131ndan 1979 y\u0131l\u0131nda kurulmu\u015ftur. T\u00fcrkiye\u2019deki 26.000 eczane i\u00e7erisinde, ciro baz\u0131nda T\u00fcrkiye\u2019nin en b\u00fcy\u00fck 100 eczanesinden birisidir. 200 m2 alana kurulu eczanemiz, 15 ki\u015filik ekibiyle, g\u00fcnde 500 hastaya hizmet vermektedir. Cevher Kozmetik A.\u015e.,\u00a02010 y\u0131l\u0131nda kurulmu\u015ftur. Kozmetik [&hellip;]<\/p>\n","protected":false},"author":1,"featured_media":3134,"parent":0,"menu_order":0,"comment_status":"closed","ping_status":"closed","template":"","meta":{"footnotes":""},"class_list":["post-2803","page","type-page","status-publish","has-post-thumbnail","hentry"],"yoast_head":"<!-- This site is optimized with the Yoast SEO plugin v24.2 - https:\/\/yoast.com\/wordpress\/plugins\/seo\/ -->\n<title>ABOUT US -<\/title>\n<meta name=\"robots\" content=\"index, follow, max-snippet:-1, max-image-preview:large, max-video-preview:-1\" \/>\n<link rel=\"canonical\" href=\"https:\/\/www.cevkozgrup.com\/hakkimizda\/\" \/>\n<meta property=\"og:locale\" content=\"en_US\" \/>\n<meta property=\"og:type\" content=\"article\" \/>\n<meta property=\"og:title\" content=\"[:tr]HAKKIMIZDA[:en]ABOUT US[:] - [:tr]Cevkoz Grup[:]\" \/>\n<meta property=\"og:description\" content=\"[vc_row][vc_column][vc_accordion][vc_accordion_tab title=&#8221;Hakk\u0131m\u0131zda&#8221; tab_id=&#8221;1724250615-1-69&#8243;][vc_column_text]Cevkoz \u015eirketlerinin temeli 1979 y\u0131l\u0131nda at\u0131lm\u0131\u015ft\u0131r. Kozmetik, Sa\u011fl\u0131k, Bili\u015fim ve \u0130n\u015faat Sekt\u00f6r\u00fcnde yat\u0131r\u0131mlar\u0131 bulunmaktad\u0131r. Cevher Eczanesi Ahmet Cevhero\u011flu taraf\u0131ndan 1979 y\u0131l\u0131nda kurulmu\u015ftur. T\u00fcrkiye\u2019deki 26.000 eczane i\u00e7erisinde, ciro baz\u0131nda T\u00fcrkiye\u2019nin en b\u00fcy\u00fck 100 eczanesinden birisidir. 200 m2 alana kurulu eczanemiz, 15 ki\u015filik ekibiyle, g\u00fcnde 500 hastaya hizmet vermektedir. Cevher Kozmetik A.\u015e.,\u00a02010 y\u0131l\u0131nda kurulmu\u015ftur. Kozmetik [&hellip;]\" \/>\n<meta property=\"og:url\" content=\"https:\/\/www.cevkozgrup.com\/hakkimizda\/\" \/>\n<meta property=\"og:site_name\" content=\"[:tr]Cevkoz Grup[:]\" \/>\n<meta property=\"article:modified_time\" content=\"2024-08-28T18:23:37+00:00\" \/>\n<meta property=\"og:image\" content=\"https:\/\/www.cevkozgrup.com\/cevkoz\/wp-content\/uploads\/2013\/04\/cropped-image_09.jpg\" \/>\n\t<meta property=\"og:image:width\" content=\"1600\" \/>\n\t<meta property=\"og:image:height\" content=\"200\" \/>\n\t<meta property=\"og:image:type\" content=\"image\/jpeg\" \/>\n<meta name=\"twitter:card\" content=\"summary_large_image\" \/>\n<meta name=\"twitter:label1\" content=\"Est. reading time\" \/>\n\t<meta name=\"twitter:data1\" content=\"2 minutes\" \/>\n<script type=\"application\/ld+json\" class=\"yoast-schema-graph\">{\"@context\":\"https:\/\/schema.org\",\"@graph\":[{\"@type\":\"WebPage\",\"@id\":\"https:\/\/www.cevkozgrup.com\/hakkimizda\/\",\"url\":\"https:\/\/www.cevkozgrup.com\/hakkimizda\/\",\"name\":\"[:tr]HAKKIMIZDA[:en]ABOUT US[:] - [:tr]Cevkoz Grup[:]\",\"isPartOf\":{\"@id\":\"https:\/\/www.cevkozgrup.com\/#website\"},\"primaryImageOfPage\":{\"@id\":\"https:\/\/www.cevkozgrup.com\/hakkimizda\/#primaryimage\"},\"image\":{\"@id\":\"https:\/\/www.cevkozgrup.com\/hakkimizda\/#primaryimage\"},\"thumbnailUrl\":\"https:\/\/www.cevkozgrup.com\/cevkoz\/wp-content\/uploads\/2013\/04\/cropped-image_09.jpg\",\"datePublished\":\"2018-09-11T12:09:23+00:00\",\"dateModified\":\"2024-08-28T18:23:37+00:00\",\"breadcrumb\":{\"@id\":\"https:\/\/www.cevkozgrup.com\/hakkimizda\/#breadcrumb\"},\"inLanguage\":\"en-US\",\"potentialAction\":[{\"@type\":\"ReadAction\",\"target\":[\"https:\/\/www.cevkozgrup.com\/hakkimizda\/\"]}]},{\"@type\":\"ImageObject\",\"inLanguage\":\"en-US\",\"@id\":\"https:\/\/www.cevkozgrup.com\/hakkimizda\/#primaryimage\",\"url\":\"https:\/\/www.cevkozgrup.com\/cevkoz\/wp-content\/uploads\/2013\/04\/cropped-image_09.jpg\",\"contentUrl\":\"https:\/\/www.cevkozgrup.com\/cevkoz\/wp-content\/uploads\/2013\/04\/cropped-image_09.jpg\",\"width\":1600,\"height\":200},{\"@type\":\"BreadcrumbList\",\"@id\":\"https:\/\/www.cevkozgrup.com\/hakkimizda\/#breadcrumb\",\"itemListElement\":[{\"@type\":\"ListItem\",\"position\":1,\"name\":\"Ana sayfa\",\"item\":\"https:\/\/www.cevkozgrup.com\/\"},{\"@type\":\"ListItem\",\"position\":2,\"name\":\"HAKKIMIZDA\"}]},{\"@type\":\"WebSite\",\"@id\":\"https:\/\/www.cevkozgrup.com\/#website\",\"url\":\"https:\/\/www.cevkozgrup.com\/\",\"name\":\"(Turkish) Cevkoz Grup\",\"description\":\"(Turkish) Cevkoz Grup \u015eirketleri, 1979 y\u0131l\u0131ndan beri Kozmetik, Sa\u011fl\u0131k, Bili\u015fim ve \u0130n\u015faat sekt\u00f6rlerinde faaliyet g\u00f6stermektedir.\",\"publisher\":{\"@id\":\"https:\/\/www.cevkozgrup.com\/#organization\"},\"potentialAction\":[{\"@type\":\"SearchAction\",\"target\":{\"@type\":\"EntryPoint\",\"urlTemplate\":\"https:\/\/www.cevkozgrup.com\/?s={search_term_string}\"},\"query-input\":{\"@type\":\"PropertyValueSpecification\",\"valueRequired\":true,\"valueName\":\"search_term_string\"}}],\"inLanguage\":\"en-US\"},{\"@type\":\"Organization\",\"@id\":\"https:\/\/www.cevkozgrup.com\/#organization\",\"name\":\"Cevkoz Grup\",\"url\":\"https:\/\/www.cevkozgrup.com\/\",\"logo\":{\"@type\":\"ImageObject\",\"inLanguage\":\"en-US\",\"@id\":\"https:\/\/www.cevkozgrup.com\/#\/schema\/logo\/image\/\",\"url\":\"https:\/\/www.cevkozgrup.com\/cevkoz\/wp-content\/uploads\/2024\/08\/CevkozLogo.png\",\"contentUrl\":\"https:\/\/www.cevkozgrup.com\/cevkoz\/wp-content\/uploads\/2024\/08\/CevkozLogo.png\",\"width\":1334,\"height\":322,\"caption\":\"Cevkoz Grup\"},\"image\":{\"@id\":\"https:\/\/www.cevkozgrup.com\/#\/schema\/logo\/image\/\"}}]}<\/script>\n<!-- \/ Yoast SEO plugin. -->","yoast_head_json":{"title":"[:tr]HAKKIMIZDA[:en]ABOUT US[:] - [:tr]Cevkoz Grup[:]","robots":{"index":"index","follow":"follow","max-snippet":"max-snippet:-1","max-image-preview":"max-image-preview:large","max-video-preview":"max-video-preview:-1"},"canonical":"https:\/\/www.cevkozgrup.com\/hakkimizda\/","og_locale":"en_US","og_type":"article","og_title":"[:tr]HAKKIMIZDA[:en]ABOUT US[:] - [:tr]Cevkoz Grup[:]","og_description":"[vc_row][vc_column][vc_accordion][vc_accordion_tab title=&#8221;Hakk\u0131m\u0131zda&#8221; tab_id=&#8221;1724250615-1-69&#8243;][vc_column_text]Cevkoz \u015eirketlerinin temeli 1979 y\u0131l\u0131nda at\u0131lm\u0131\u015ft\u0131r. Kozmetik, Sa\u011fl\u0131k, Bili\u015fim ve \u0130n\u015faat Sekt\u00f6r\u00fcnde yat\u0131r\u0131mlar\u0131 bulunmaktad\u0131r. Cevher Eczanesi Ahmet Cevhero\u011flu taraf\u0131ndan 1979 y\u0131l\u0131nda kurulmu\u015ftur. T\u00fcrkiye\u2019deki 26.000 eczane i\u00e7erisinde, ciro baz\u0131nda T\u00fcrkiye\u2019nin en b\u00fcy\u00fck 100 eczanesinden birisidir. 200 m2 alana kurulu eczanemiz, 15 ki\u015filik ekibiyle, g\u00fcnde 500 hastaya hizmet vermektedir. Cevher Kozmetik A.\u015e.,\u00a02010 y\u0131l\u0131nda kurulmu\u015ftur. Kozmetik [&hellip;]","og_url":"https:\/\/www.cevkozgrup.com\/hakkimizda\/","og_site_name":"[:tr]Cevkoz Grup[:]","article_modified_time":"2024-08-28T18:23:37+00:00","og_image":[{"width":1600,"height":200,"url":"https:\/\/www.cevkozgrup.com\/cevkoz\/wp-content\/uploads\/2013\/04\/cropped-image_09.jpg","type":"image\/jpeg"}],"twitter_card":"summary_large_image","twitter_misc":{"Est. reading time":"2 minutes"},"schema":{"@context":"https:\/\/schema.org","@graph":[{"@type":"WebPage","@id":"https:\/\/www.cevkozgrup.com\/hakkimizda\/","url":"https:\/\/www.cevkozgrup.com\/hakkimizda\/","name":"[:tr]HAKKIMIZDA[:en]ABOUT US[:] - [:tr]Cevkoz Grup[:]","isPartOf":{"@id":"https:\/\/www.cevkozgrup.com\/#website"},"primaryImageOfPage":{"@id":"https:\/\/www.cevkozgrup.com\/hakkimizda\/#primaryimage"},"image":{"@id":"https:\/\/www.cevkozgrup.com\/hakkimizda\/#primaryimage"},"thumbnailUrl":"https:\/\/www.cevkozgrup.com\/cevkoz\/wp-content\/uploads\/2013\/04\/cropped-image_09.jpg","datePublished":"2018-09-11T12:09:23+00:00","dateModified":"2024-08-28T18:23:37+00:00","breadcrumb":{"@id":"https:\/\/www.cevkozgrup.com\/hakkimizda\/#breadcrumb"},"inLanguage":"en-US","potentialAction":[{"@type":"ReadAction","target":["https:\/\/www.cevkozgrup.com\/hakkimizda\/"]}]},{"@type":"ImageObject","inLanguage":"en-US","@id":"https:\/\/www.cevkozgrup.com\/hakkimizda\/#primaryimage","url":"https:\/\/www.cevkozgrup.com\/cevkoz\/wp-content\/uploads\/2013\/04\/cropped-image_09.jpg","contentUrl":"https:\/\/www.cevkozgrup.com\/cevkoz\/wp-content\/uploads\/2013\/04\/cropped-image_09.jpg","width":1600,"height":200},{"@type":"BreadcrumbList","@id":"https:\/\/www.cevkozgrup.com\/hakkimizda\/#breadcrumb","itemListElement":[{"@type":"ListItem","position":1,"name":"Ana sayfa","item":"https:\/\/www.cevkozgrup.com\/"},{"@type":"ListItem","position":2,"name":"HAKKIMIZDA"}]},{"@type":"WebSite","@id":"https:\/\/www.cevkozgrup.com\/#website","url":"https:\/\/www.cevkozgrup.com\/","name":"(Turkish) Cevkoz Grup","description":"(Turkish) Cevkoz Grup \u015eirketleri, 1979 y\u0131l\u0131ndan beri Kozmetik, Sa\u011fl\u0131k, Bili\u015fim ve \u0130n\u015faat sekt\u00f6rlerinde faaliyet g\u00f6stermektedir.","publisher":{"@id":"https:\/\/www.cevkozgrup.com\/#organization"},"potentialAction":[{"@type":"SearchAction","target":{"@type":"EntryPoint","urlTemplate":"https:\/\/www.cevkozgrup.com\/?s={search_term_string}"},"query-input":{"@type":"PropertyValueSpecification","valueRequired":true,"valueName":"search_term_string"}}],"inLanguage":"en-US"},{"@type":"Organization","@id":"https:\/\/www.cevkozgrup.com\/#organization","name":"Cevkoz Grup","url":"https:\/\/www.cevkozgrup.com\/","logo":{"@type":"ImageObject","inLanguage":"en-US","@id":"https:\/\/www.cevkozgrup.com\/#\/schema\/logo\/image\/","url":"https:\/\/www.cevkozgrup.com\/cevkoz\/wp-content\/uploads\/2024\/08\/CevkozLogo.png","contentUrl":"https:\/\/www.cevkozgrup.com\/cevkoz\/wp-content\/uploads\/2024\/08\/CevkozLogo.png","width":1334,"height":322,"caption":"Cevkoz Grup"},"image":{"@id":"https:\/\/www.cevkozgrup.com\/#\/schema\/logo\/image\/"}}]}},"_links":{"self":[{"href":"https:\/\/www.cevkozgrup.com\/en\/wp-json\/wp\/v2\/pages\/2803","targetHints":{"allow":["GET"]}}],"collection":[{"href":"https:\/\/www.cevkozgrup.com\/en\/wp-json\/wp\/v2\/pages"}],"about":[{"href":"https:\/\/www.cevkozgrup.com\/en\/wp-json\/wp\/v2\/types\/page"}],"author":[{"embeddable":true,"href":"https:\/\/www.cevkozgrup.com\/en\/wp-json\/wp\/v2\/users\/1"}],"replies":[{"embeddable":true,"href":"https:\/\/www.cevkozgrup.com\/en\/wp-json\/wp\/v2\/comments?post=2803"}],"version-history":[{"count":50,"href":"https:\/\/www.cevkozgrup.com\/en\/wp-json\/wp\/v2\/pages\/2803\/revisions"}],"predecessor-version":[{"id":3348,"href":"https:\/\/www.cevkozgrup.com\/en\/wp-json\/wp\/v2\/pages\/2803\/revisions\/3348"}],"wp:featuredmedia":[{"embeddable":true,"href":"https:\/\/www.cevkozgrup.com\/en\/wp-json\/wp\/v2\/media\/3134"}],"wp:attachment":[{"href":"https:\/\/www.cevkozgrup.com\/en\/wp-json\/wp\/v2\/media?parent=2803"}],"curies":[{"name":"wp","href":"https:\/\/api.w.org\/{rel}","templated":true}]}}