{"id":3150,"date":"2024-08-22T10:54:54","date_gmt":"2024-08-22T07:54:54","guid":{"rendered":"https:\/\/www.cevkozgrup.com\/blog\/"},"modified":"2024-08-22T10:54:54","modified_gmt":"2024-08-22T07:54:54","slug":"blog","status":"publish","type":"page","link":"https:\/\/www.cevkozgrup.com\/en\/blog\/","title":{"rendered":"Blog"},"content":{"rendered":"","protected":false},"excerpt":{"rendered":"","protected":false},"author":1,"featured_media":0,"parent":0,"menu_order":0,"comment_status":"closed","ping_status":"closed","template":"","meta":{"footnotes":""},"class_list":["post-3150","page","type-page","status-publish","hentry"],"yoast_head":"<!-- This site is optimized with the Yoast SEO plugin v24.2 - https:\/\/yoast.com\/wordpress\/plugins\/seo\/ -->\n<title><\/title>\n<meta name=\"robots\" content=\"index, follow, max-snippet:-1, max-image-preview:large, max-video-preview:-1\" \/>\n<link rel=\"canonical\" href=\"https:\/\/www.cevkozgrup.com\/blog\/\" \/>\n<meta property=\"og:locale\" content=\"en_US\" \/>\n<meta property=\"og:type\" content=\"article\" \/>\n<meta property=\"og:title\" content=\"Blog - [:tr]Cevkoz Grup[:]\" \/>\n<meta property=\"og:url\" content=\"https:\/\/www.cevkozgrup.com\/blog\/\" \/>\n<meta property=\"og:site_name\" content=\"[:tr]Cevkoz Grup[:]\" \/>\n<meta property=\"og:image\" content=\"https:\/\/www.cevkozgrup.com\/cevkoz\/wp-content\/uploads\/2024\/08\/CevkozLogo-1.png\" \/>\n\t<meta property=\"og:image:width\" content=\"1334\" \/>\n\t<meta property=\"og:image:height\" content=\"322\" \/>\n\t<meta property=\"og:image:type\" content=\"image\/png\" \/>\n<meta name=\"twitter:card\" content=\"summary_large_image\" \/>\n<script type=\"application\/ld+json\" class=\"yoast-schema-graph\">{\"@context\":\"https:\/\/schema.org\",\"@graph\":[{\"@type\":\"WebPage\",\"@id\":\"https:\/\/www.cevkozgrup.com\/blog\/\",\"url\":\"https:\/\/www.cevkozgrup.com\/blog\/\",\"name\":\"Blog - [:tr]Cevkoz Grup[:]\",\"isPartOf\":{\"@id\":\"https:\/\/www.cevkozgrup.com\/#website\"},\"datePublished\":\"2024-08-22T07:54:54+00:00\",\"dateModified\":\"2024-08-22T07:54:54+00:00\",\"breadcrumb\":{\"@id\":\"https:\/\/www.cevkozgrup.com\/blog\/#breadcrumb\"},\"inLanguage\":\"en-US\",\"potentialAction\":[{\"@type\":\"ReadAction\",\"target\":[\"https:\/\/www.cevkozgrup.com\/blog\/\"]}]},{\"@type\":\"BreadcrumbList\",\"@id\":\"https:\/\/www.cevkozgrup.com\/blog\/#breadcrumb\",\"itemListElement\":[{\"@type\":\"ListItem\",\"position\":1,\"name\":\"Ana sayfa\",\"item\":\"https:\/\/www.cevkozgrup.com\/\"},{\"@type\":\"ListItem\",\"position\":2,\"name\":\"Blog\"}]},{\"@type\":\"WebSite\",\"@id\":\"https:\/\/www.cevkozgrup.com\/#website\",\"url\":\"https:\/\/www.cevkozgrup.com\/\",\"name\":\"(Turkish) Cevkoz Grup\",\"description\":\"(Turkish) Cevkoz Grup \u015eirketleri, 1979 y\u0131l\u0131ndan beri Kozmetik, Sa\u011fl\u0131k, Bili\u015fim ve \u0130n\u015faat sekt\u00f6rlerinde faaliyet g\u00f6stermektedir.\",\"publisher\":{\"@id\":\"https:\/\/www.cevkozgrup.com\/#organization\"},\"potentialAction\":[{\"@type\":\"SearchAction\",\"target\":{\"@type\":\"EntryPoint\",\"urlTemplate\":\"https:\/\/www.cevkozgrup.com\/?s={search_term_string}\"},\"query-input\":{\"@type\":\"PropertyValueSpecification\",\"valueRequired\":true,\"valueName\":\"search_term_string\"}}],\"inLanguage\":\"en-US\"},{\"@type\":\"Organization\",\"@id\":\"https:\/\/www.cevkozgrup.com\/#organization\",\"name\":\"Cevkoz Grup\",\"url\":\"https:\/\/www.cevkozgrup.com\/\",\"logo\":{\"@type\":\"ImageObject\",\"inLanguage\":\"en-US\",\"@id\":\"https:\/\/www.cevkozgrup.com\/#\/schema\/logo\/image\/\",\"url\":\"https:\/\/www.cevkozgrup.com\/cevkoz\/wp-content\/uploads\/2024\/08\/CevkozLogo.png\",\"contentUrl\":\"https:\/\/www.cevkozgrup.com\/cevkoz\/wp-content\/uploads\/2024\/08\/CevkozLogo.png\",\"width\":1334,\"height\":322,\"caption\":\"Cevkoz Grup\"},\"image\":{\"@id\":\"https:\/\/www.cevkozgrup.com\/#\/schema\/logo\/image\/\"}}]}<\/script>\n<!-- \/ Yoast SEO plugin. -->","yoast_head_json":{"title":"Blog - [:tr]Cevkoz Grup[:]","robots":{"index":"index","follow":"follow","max-snippet":"max-snippet:-1","max-image-preview":"max-image-preview:large","max-video-preview":"max-video-preview:-1"},"canonical":"https:\/\/www.cevkozgrup.com\/blog\/","og_locale":"en_US","og_type":"article","og_title":"Blog - [:tr]Cevkoz Grup[:]","og_url":"https:\/\/www.cevkozgrup.com\/blog\/","og_site_name":"[:tr]Cevkoz Grup[:]","og_image":[{"width":1334,"height":322,"url":"https:\/\/www.cevkozgrup.com\/cevkoz\/wp-content\/uploads\/2024\/08\/CevkozLogo-1.png","type":"image\/png"}],"twitter_card":"summary_large_image","schema":{"@context":"https:\/\/schema.org","@graph":[{"@type":"WebPage","@id":"https:\/\/www.cevkozgrup.com\/blog\/","url":"https:\/\/www.cevkozgrup.com\/blog\/","name":"Blog - [:tr]Cevkoz Grup[:]","isPartOf":{"@id":"https:\/\/www.cevkozgrup.com\/#website"},"datePublished":"2024-08-22T07:54:54+00:00","dateModified":"2024-08-22T07:54:54+00:00","breadcrumb":{"@id":"https:\/\/www.cevkozgrup.com\/blog\/#breadcrumb"},"inLanguage":"en-US","potentialAction":[{"@type":"ReadAction","target":["https:\/\/www.cevkozgrup.com\/blog\/"]}]},{"@type":"BreadcrumbList","@id":"https:\/\/www.cevkozgrup.com\/blog\/#breadcrumb","itemListElement":[{"@type":"ListItem","position":1,"name":"Ana sayfa","item":"https:\/\/www.cevkozgrup.com\/"},{"@type":"ListItem","position":2,"name":"Blog"}]},{"@type":"WebSite","@id":"https:\/\/www.cevkozgrup.com\/#website","url":"https:\/\/www.cevkozgrup.com\/","name":"(Turkish) Cevkoz Grup","description":"(Turkish) Cevkoz Grup \u015eirketleri, 1979 y\u0131l\u0131ndan beri Kozmetik, Sa\u011fl\u0131k, Bili\u015fim ve \u0130n\u015faat sekt\u00f6rlerinde faaliyet g\u00f6stermektedir.","publisher":{"@id":"https:\/\/www.cevkozgrup.com\/#organization"},"potentialAction":[{"@type":"SearchAction","target":{"@type":"EntryPoint","urlTemplate":"https:\/\/www.cevkozgrup.com\/?s={search_term_string}"},"query-input":{"@type":"PropertyValueSpecification","valueRequired":true,"valueName":"search_term_string"}}],"inLanguage":"en-US"},{"@type":"Organization","@id":"https:\/\/www.cevkozgrup.com\/#organization","name":"Cevkoz Grup","url":"https:\/\/www.cevkozgrup.com\/","logo":{"@type":"ImageObject","inLanguage":"en-US","@id":"https:\/\/www.cevkozgrup.com\/#\/schema\/logo\/image\/","url":"https:\/\/www.cevkozgrup.com\/cevkoz\/wp-content\/uploads\/2024\/08\/CevkozLogo.png","contentUrl":"https:\/\/www.cevkozgrup.com\/cevkoz\/wp-content\/uploads\/2024\/08\/CevkozLogo.png","width":1334,"height":322,"caption":"Cevkoz Grup"},"image":{"@id":"https:\/\/www.cevkozgrup.com\/#\/schema\/logo\/image\/"}}]}},"_links":{"self":[{"href":"https:\/\/www.cevkozgrup.com\/en\/wp-json\/wp\/v2\/pages\/3150","targetHints":{"allow":["GET"]}}],"collection":[{"href":"https:\/\/www.cevkozgrup.com\/en\/wp-json\/wp\/v2\/pages"}],"about":[{"href":"https:\/\/www.cevkozgrup.com\/en\/wp-json\/wp\/v2\/types\/page"}],"author":[{"embeddable":true,"href":"https:\/\/www.cevkozgrup.com\/en\/wp-json\/wp\/v2\/users\/1"}],"replies":[{"embeddable":true,"href":"https:\/\/www.cevkozgrup.com\/en\/wp-json\/wp\/v2\/comments?post=3150"}],"version-history":[{"count":0,"href":"https:\/\/www.cevkozgrup.com\/en\/wp-json\/wp\/v2\/pages\/3150\/revisions"}],"wp:attachment":[{"href":"https:\/\/www.cevkozgrup.com\/en\/wp-json\/wp\/v2\/media?parent=3150"}],"curies":[{"name":"wp","href":"https:\/\/api.w.org\/{rel}","templated":true}]}}